{"id":7765,"date":"2020-04-26T20:19:10","date_gmt":"2020-04-26T18:19:10","guid":{"rendered":"https:\/\/www.artsmusica.net\/cursos\/?page_id=7765"},"modified":"2021-03-07T18:22:24","modified_gmt":"2021-03-07T17:22:24","slug":"envio-de-ejercicios","status":"publish","type":"page","link":"https:\/\/www.artsmusica.net\/cursos\/envio-de-ejercicios\/","title":{"rendered":""},"content":{"rendered":"\n<h1 class=\"has-text-align-center wp-block-heading\" style=\"font-size:37px\" data-block-type=\"core\">Env\u00edo de ejercicios en v\u00eddeo<\/h1>\n\n\n\n<div style=\"height:19px\" aria-hidden=\"true\" class=\"wp-block-spacer\" data-block-type=\"core\"><\/div>\n\n\n\n<p>Por ser alumno del Conservatorio de ArtsM\u00fasica tienes a tu disposici\u00f3n correcciones personalizadas de cada uno de tus avances. Recibir correcciones por parte de los profesores es la forma m\u00e1s efectiva de aprender m\u00fasica.<\/p>\n\n\n\n<p>En esta secci\u00f3n puedes enviar, siempre que t\u00fa quieras, v\u00eddeos de solfeo o piano en donde aparezcas ejecutando cualquiera de los ejercicios de los cursos. El profesor te responder\u00e1 con otro v\u00eddeo explic\u00e1ndote las correcciones y recomendaciones necesarias para que sigas mejorando. <\/p>\n\n\n\n<p>El v\u00eddeo personalizado del profesor te llegar\u00e1 a tu correo electr\u00f3nico <strong>en un plazo m\u00e1ximo de 48 horas (d\u00edas laborables)<\/strong>. Recibir\u00e1s un enlace de visualizaci\u00f3n que te redirigir\u00e1 a tu carpeta personal en donde tendr\u00e1s almacenadas todas las v\u00eddeo-respuestas del profesor. <\/p>\n\n\n\n<p>Enviar un v\u00eddeo es muy f\u00e1cil. Deber\u00e1s grabarte desde tu dispositivo m\u00f3vil o la webcam de tu ordenador realizando el ejercicio que quieras que te corrijan los profesores. Si te conectas desde un dispositivo m\u00f3vil puedes grabarlo directamente desde el enlace que te proporcionamos m\u00e1s abajo. <\/p>\n\n\n\n<p>En el siguiente v\u00eddeo te explicamos c\u00f3mo realizar este f\u00e1cil procedimiento:<\/p>\n\n\n\n<div style=\"height:40px\" aria-hidden=\"true\" class=\"wp-block-spacer\" data-block-type=\"core\"><\/div>\n\n\n\n<iframe loading=\"lazy\" src=\"https:\/\/player.vimeo.com\/video\/412127160\" width=\"720\" height=\"405\" frameborder=\"0\" allow=\"autoplay; fullscreen\" allowfullscreen=\"\"><\/iframe>\n\n\n\n<div style=\"height:100px\" aria-hidden=\"true\" class=\"wp-block-spacer\" data-block-type=\"core\"><\/div>\n\n\n\n<h3 class=\"has-text-align-center wp-block-heading\" data-block-type=\"core\">Instrucciones para grabar el v\u00eddeo:<\/h3>\n\n\n\n<div style=\"height:20px\" aria-hidden=\"true\" class=\"wp-block-spacer\" data-block-type=\"core\"><\/div>\n\n\n\n<ul class=\"wp-block-list\" data-block-type=\"core\"><li><strong>V\u00eddeos de piano<\/strong>: procura que se vean tus dedos tocando las teclas del piano, de esta manera el profesor podr\u00e1 ver si tu posici\u00f3n es correcta. <\/li><li><strong>V\u00eddeos de solfeo<\/strong>: marca el pulso de manera visible con el movimiento de la mano. Otra opci\u00f3n es marcar el pulso con un metr\u00f3nomo.<\/li><li><strong>Resoluci\u00f3n del v\u00eddeo<\/strong>: para que la carga del v\u00eddeo sea m\u00e1s r\u00e1pida, graba en resoluci\u00f3n 720p o 1080p. Nunca grabes en calidad 4K.<\/li><li><strong>Informaci\u00f3n del ejercicio<\/strong>: al principio del v\u00eddeo di tu nombre y haz referencia al ejercicio que est\u00e1s grabando. Para ello aporta el nombre del curso, el n\u00famero de lecci\u00f3n, y si fuera necesario, el n\u00famero de ejercicio. <\/li><\/ul>\n\n\n\n<div style=\"height:50px\" aria-hidden=\"true\" class=\"wp-block-spacer\" data-block-type=\"core\"><\/div>\n\n\n\n<h2 class=\"has-text-align-center wp-block-heading\" data-block-type=\"core\">Enlace para subir el v\u00eddeo<\/h2>\n\n\n\n<div style=\"height:20px\" aria-hidden=\"true\" class=\"wp-block-spacer\" data-block-type=\"core\"><\/div>\n\n\n<p data-block-type=\"core\"><div class=\"rcp_restricted\"><p><!-- wp:paragraph {\"backgroundColor\":\"very-light-gray\"} --><\/p>\n<p class=\"has-background has-very-light-gray-background-color\"><i class=\"fas fa-lock\"> <\/i> Este contenido est\u00e1 \u00fanicamente disponible para los suscriptores. Puedes <a href=\"#login\"> identificarte aqu\u00ed<\/a> , <a href=\"https:\/\/www.artsmusica.net\/cursos\/niveles-de-suscripcion\/\"> suscribirte<\/a> o <a href=\"https:\/\/www.artsmusica.net\/cursos\/registro\/\">actualizar tu nivel de suscripci\u00f3n<\/a>.<\/p>\n<p><!-- \/wp:paragraph --><\/p>\n<\/div><\/p>\n","protected":false},"excerpt":{"rendered":"<p>Env\u00edo de ejercicios en v\u00eddeo Por ser alumno del Conservatorio de ArtsM\u00fasica tienes a tu disposici\u00f3n correcciones personalizadas de cada uno de tus avances. Recibir correcciones por parte de los profesores es la forma m\u00e1s efectiva de aprender m\u00fasica. En esta secci\u00f3n puedes enviar, siempre que t\u00fa quieras, v\u00eddeos de solfeo o piano en donde [&hellip;]<\/p>\n","protected":false},"author":1,"featured_media":0,"parent":0,"menu_order":0,"comment_status":"closed","ping_status":"closed","template":"","meta":{"_genesis_hide_title":false,"_genesis_hide_breadcrumbs":false,"_genesis_hide_singular_image":false,"_genesis_hide_footer_widgets":false,"_genesis_custom_body_class":"","_genesis_custom_post_class":"","_genesis_layout":"","footnotes":""},"class_list":{"0":"post-7765","1":"page","2":"type-page","3":"status-publish","5":"entry"},"featured_image_urls_v2":{"full":"","thumbnail":"","medium":"","medium_large":"","large":"","1536x1536":"","2048x2048":"","sidebar-featured":"","genesis-singular-images":"","gb-block-post-grid-landscape":"","gb-block-post-grid-square":""},"post_excerpt_stackable_v2":"<p>Env\u00edo de ejercicios en v\u00eddeo Por ser alumno del Conservatorio de ArtsM\u00fasica tienes a tu disposici\u00f3n correcciones personalizadas de cada uno de tus avances. Recibir correcciones por parte de los profesores es la forma m\u00e1s efectiva de aprender m\u00fasica. En esta secci\u00f3n puedes enviar, siempre que t\u00fa quieras, v\u00eddeos de solfeo o piano en donde aparezcas ejecutando cualquiera de los ejercicios de los cursos. El profesor te responder\u00e1 con otro v\u00eddeo explic\u00e1ndote las correcciones y recomendaciones necesarias para que sigas mejorando. El v\u00eddeo personalizado del profesor te llegar\u00e1 a tu correo electr\u00f3nico en un plazo m\u00e1ximo de 48 horas (d\u00edas&hellip;<\/p>\n","category_list_v2":"","author_info_v2":{"name":"Administrador","url":"https:\/\/www.artsmusica.net\/cursos\/author\/admin\/"},"comments_num_v2":"0 comentarios","featured_image_src":null,"featured_image_src_square":null,"jetpack_sharing_enabled":true,"_links":{"self":[{"href":"https:\/\/www.artsmusica.net\/cursos\/wp-json\/wp\/v2\/pages\/7765","targetHints":{"allow":["GET"]}}],"collection":[{"href":"https:\/\/www.artsmusica.net\/cursos\/wp-json\/wp\/v2\/pages"}],"about":[{"href":"https:\/\/www.artsmusica.net\/cursos\/wp-json\/wp\/v2\/types\/page"}],"author":[{"embeddable":true,"href":"https:\/\/www.artsmusica.net\/cursos\/wp-json\/wp\/v2\/users\/1"}],"replies":[{"embeddable":true,"href":"https:\/\/www.artsmusica.net\/cursos\/wp-json\/wp\/v2\/comments?post=7765"}],"version-history":[{"count":47,"href":"https:\/\/www.artsmusica.net\/cursos\/wp-json\/wp\/v2\/pages\/7765\/revisions"}],"predecessor-version":[{"id":14271,"href":"https:\/\/www.artsmusica.net\/cursos\/wp-json\/wp\/v2\/pages\/7765\/revisions\/14271"}],"wp:attachment":[{"href":"https:\/\/www.artsmusica.net\/cursos\/wp-json\/wp\/v2\/media?parent=7765"}],"curies":[{"name":"wp","href":"https:\/\/api.w.org\/{rel}","templated":true}]}}