{"id":2375,"date":"2019-07-10T08:24:20","date_gmt":"2019-07-10T08:24:20","guid":{"rendered":"https:\/\/www.artsmusica.net\/cursos\/?page_id=2375"},"modified":"2022-04-26T13:15:27","modified_gmt":"2022-04-26T11:15:27","slug":"aviso-legal","status":"publish","type":"page","link":"https:\/\/www.artsmusica.net\/cursos\/aviso-legal\/","title":{"rendered":"Aviso legal"},"content":{"rendered":"\n<p>Al acceder a esta p\u00e1gina web\naceptas los t\u00e9rminos y disposiciones del presente acuerdo. Si no aceptas estas\ncondiciones te pedimos que no utilices nuestros servicios. <\/p>\n\n\n\n<p>Titularidad de la web: Rigoberto Mac\u00edas Peraza<\/p>\n\n\n\n<p>NIF: 42388027Q<\/p>\n\n\n\n<p>Direcci\u00f3n postal: Barraquetes, 13, 4-1, Cass\u00e0 de la Selva (Girona). 17244. <\/p>\n\n\n\n<p>Correo electr\u00f3nico: <a href=\"mailto:direccion@artsmusica.net\">direccion@artsmusica.net<\/a><\/p>\n\n\n\n<div style=\"height:40px\" aria-hidden=\"true\" class=\"wp-block-spacer\" data-block-type=\"core\"><\/div>\n\n\n\n<h3 class=\"has-text-align-center wp-block-heading\" id=\"politica-de-privacidad\" data-block-type=\"core\">Pol\u00edtica de privacidad<\/h3>\n\n\n\n<p>En artsmusica.net tratamos la\ninformaci\u00f3n que nos proporcionan las personas interesadas para los siguientes\nprop\u00f3sitos: gestionar env\u00edo de informaci\u00f3n solicitada, ofrecer los productos y\nservicios que te resulten de inter\u00e9s, mejorar la experiencia de usuario. <\/p>\n\n\n\n<p>Se podr\u00edan enviar correos\nelectr\u00f3nicos automatizados,&nbsp; programados\npor el titular de los datos o de sus proveedores de servicios, para enviar la\ninformaci\u00f3n sobre las novedades del blog y de los productos de formaci\u00f3n que se\nofrecer\u00e1n a trav\u00e9s de esta web, tanto si est\u00e1n alojados en ella como en\nplataformas de terceros. Tambi\u00e9n utilizaremos las cookies que consideremos\nadecuadas a nuestra marca personal.<\/p>\n\n\n\n<p>Los datos personales\nproporcionados en la web artsmusica.net se conservar\u00e1n durante un plazo de diez\na\u00f1os. Tambi\u00e9n se conservar\u00e1n mientras se mantenga la relaci\u00f3n mercantil. Se\nhar\u00e1n desaparecer cuando se solicite su supresi\u00f3n o portabilidad por el\ninteresado.<\/p>\n\n\n\n<p>La base legal para el tratamiento\nde tus datos es la ejecuci\u00f3n de la suscripci\u00f3n online al blog o al formulario\nde contacto de la web, as\u00ed como el acceso a todos los productos o servicios adquiridos.\n<\/p>\n\n\n\n<p>Cualquier persona tiene derecho a\nobtener la confirmaci\u00f3n sobre si ArtsM\u00fasica est\u00e1 tratando datos personales que\nles conciernan o no. Las personas interesadas tienen derecho a acceder a sus\ndatos personales, as\u00ed como a solicitar la rectificaci\u00f3n de los datos inexactos\no, en su caso, solicitar su supresi\u00f3n cuando los datos ya no sean necesarios\npara los fines que fueron recogidos. En determinadas circunstancias, los\ninteresados podr\u00e1n solicitar la limitaci\u00f3n del tratamiento de sus datos, en\ncuyo caso \u00fanicamente los conservaremos para el ejercicio o la defensa de\nreclamaciones. En determinadas circunstancias y por motivos relacionados con su\nsituaci\u00f3n particular, los interesados podr\u00e1n oponerse al tratamiento de sus\ndatos. <\/p>\n\n\n\n<p>Los datos personales que tratamos en ArtsM\u00fasica proceden de la propia web. Las categor\u00edas de datos que tratamos son: datos de identificaci\u00f3n, c\u00f3digos o claves de identificaci\u00f3n, direcciones postales o electr\u00f3nicas, informaci\u00f3n comercial, datos econ\u00f3micos.<\/p>\n\n\n\n<div style=\"height:40px\" aria-hidden=\"true\" class=\"wp-block-spacer\" data-block-type=\"core\"><\/div>\n\n\n\n<h3 class=\"has-text-align-center wp-block-heading\" id=\"condiciones-de-contratacion\" data-block-type=\"core\">Condiciones de contrataci\u00f3n<\/h3>\n\n\n\n<p>A trav\u00e9s de estas condiciones de\ncontrataci\u00f3n, ponemos a disposici\u00f3n del consumidor la informaci\u00f3n\npre-contractual a la que refiere el art\u00edculo 6 de la Directiva 2011\/83.<\/p>\n\n\n\n<p>Primera: identificaci\u00f3n. Los\nbienes que se venden a trav\u00e9s de artsmusica.net son cursos online de m\u00fasica en\nformato v\u00eddeo-clase, acceso a todas las clases en directo de cada semana, y\nsoporte de dudas a trav\u00e9s de foros. <\/p>\n\n\n\n<p>Segunda: precios. El modelo de\nprecios es por suscripci\u00f3n mensual. El usuario tendr\u00e1 acceso a todos los\nservicios y contenidos de artsmusica.net mientras tenga su suscripci\u00f3n vigente.\nLos precios se indican en euros e incluyen impuestos (cuando procede).<\/p>\n\n\n\n<p>Tercera: proceso de compra. Para suscribirse\nen nuestra web es necesario registrarse durante el proceso de compra. Nuestro\nsistema crea una cuenta de cliente con la direcci\u00f3n de correo electr\u00f3nico y la\ncontrase\u00f1a que se elija. Estos datos ser\u00e1n tratados e incorporados a nuestros\nficheros tal como se informa en nuestro apartado de protecci\u00f3n de datos de\ncar\u00e1cter personal contenido en este Aviso Legal. La forma de pago es mediante\ntarjeta de cr\u00e9dito o d\u00e9bito. Se le solicitar\u00e1 el n\u00famero de su tarjeta y la\nfecha de caducidad. Se garantiza absoluta seguridad, los datos personales y la tarjeta\nviajan encriptados a Stripe, Inc. gracias al servidor seguro SSL. En ning\u00fan\nmomento ArtsM\u00fasica recibe los datos de la tarjeta, s\u00f3lo la confirmaci\u00f3n del pago.\nUna vez realizado el pago, el cliente tendr\u00e1 acceso a los contenidos y\nservicios de ArtsM\u00fasica de manera inmediata.<\/p>\n\n\n\n<p>Cuarta: anulaci\u00f3n y devoluciones. El cliente de nuestra escuela virtual se compromete en todo momento a facilitar informaci\u00f3n veraz sobre los datos solicitados en los diferentes formularios de compra. Por el art\u00edculo 102 del Real Decreto Legislativo 1\/2007, de 16 de noviembre el derecho de desistimiento no ser\u00e1 aplicable a los contratos que se refieran a suministro de contenido digital (programas, aplicaciones, juegos, m\u00fasica, v\u00eddeos o textos inform\u00e1ticos, tanto por descarga o emisi\u00f3n en tiempo real), que no se preste en un soporte material cuando la ejecuci\u00f3n haya comenzado. Al ser productos y servicios digitales, no existen gastos materiales de devoluci\u00f3n del producto, porque se limita \u00fanicamente al acceso, por tanto no habr\u00e1 reembolso de gastos. <\/p>\n\n\n\n<div style=\"height:40px\" aria-hidden=\"true\" class=\"wp-block-spacer\" data-block-type=\"core\"><\/div>\n\n\n\n<h3 class=\"has-text-align-center wp-block-heading\" id=\"politica-de-cookies\" data-block-type=\"core\">Pol\u00edtica de cookies<\/h3>\n\n\n\n<p>Definici\u00f3n y funci\u00f3n de las cookies: una cookie es un\nfichero que se descarga en su ordenador al acceder a determinadas p\u00e1ginas web.\nLas cookies permiten a una p\u00e1gina web, entre otras cosas, almacenar y recuperar\ninformaci\u00f3n sobre los h\u00e1bitos de navegaci\u00f3n de un usuario o de su equipo y,\ndependiendo de la informaci\u00f3n que contengan y de la forma en que utilice su\nequipo, pueden utilizarse para reconocer al usuario. <\/p>\n\n\n\n<p><strong>Cookies que utiliza\nesta p\u00e1gina web<\/strong><\/p>\n\n\n\n<p>Cookies t\u00e9cnicas: permiten al\nusuario la navegaci\u00f3n a trav\u00e9s de una p\u00e1gina web, plataforma o aplicaci\u00f3n y la\nutilizaci\u00f3n de las diferentes opciones o servicios que en ella existan como,\npor ejemplo, controlar el tr\u00e1fico y la comunicaci\u00f3n de datos, identificar la\nsesi\u00f3n, acceder a partes de acceso restringido, realizar el proceso de compra\nde un pedido, utilizar elementos de seguridad durante la navegaci\u00f3n, almacenar\ncontenidos para la difusi\u00f3n de videos o sonido o compartir contenidos a trav\u00e9s\nde redes sociales. <\/p>\n\n\n\n<p>Cookies de an\u00e1lisis: permiten\ncuantificar el n\u00famero de usuarios y as\u00ed realizar la medici\u00f3n y an\u00e1lisis\nestad\u00edstico de la utilizaci\u00f3n que hacen los usuarios del servicio. Para ello se\nanaliza su navegaci\u00f3n en nuestra p\u00e1gina web con el fin de mejorar la oferta de\nproductos o servicios que le ofrecemos. Se utilizan programas de anal\u00edtica web\nque recaban informaci\u00f3n referente al usuario de la web (IP), as\u00ed como la\nnavegaci\u00f3n que \u00e9ste ha realizado (origen, visitas, tiempo en la p\u00e1gina). <\/p>\n\n\n\n<p>Cookies de personalizaci\u00f3n: permiten al usuario acceder al servicio con algunas caracter\u00edsticas de car\u00e1cter general predefinidas en funci\u00f3n de una serie de criterios en el terminal del usuario como por ejemplo serian el idioma, el tipo de navegador a trav\u00e9s del cual accede al servicio, la configuraci\u00f3n regional desde donde accede al servicio, etc. <\/p>\n\n\n\n<div style=\"height:40px\" aria-hidden=\"true\" class=\"wp-block-spacer\" data-block-type=\"core\"><\/div>\n\n\n\n<h3 class=\"has-text-align-center wp-block-heading\" id=\"responsabilidades\" data-block-type=\"core\">Responsabilidades<\/h3>\n\n\n\n<p>RENUNCIA A CUALQUIER\nRESPONSABILIDAD. Esta p\u00e1gina y sus componentes se ofrecen \u00fanicamente con fines\ninformativos. ArtsM\u00fasica no se hace responsable de la exactitud, utilidad o\ndisponibilidad de cualquier informaci\u00f3n que se transmita o ponga a disposici\u00f3n a\ntrav\u00e9s de la misma; no ser\u00e1 responsable por cualquier error u omisi\u00f3n en dicha\ninformaci\u00f3n. Los usuarios de esta p\u00e1gina que den sus datos personales, con la\naceptaci\u00f3n del consentimiento informado, renuncian a cualquier indemnizaci\u00f3n\nque por el uso legal de esos datos les pudiera corresponder, no pudiendo\nejercer ninguna reclamaci\u00f3n legal por ello. De querer ostentarla, no deben\nceder sus datos en este sitio web.<\/p>\n\n\n\n<p>MENORES DE EDAD. Nuestros\nservicios y productos son para mayores de 18 a\u00f1os. Los menores de esta edad no\nest\u00e1n autorizados a utilizar nuestros servicios y no deber\u00e1n, por tanto,\nenviarnos sus datos personales.<\/p>\n\n\n\n<p>POL\u00cdTICA DE ENLACES DE NUESTRA WEB. El prestador se exime de cualquier tipo de responsabilidad derivada de la informaci\u00f3n publicada en su sitio web, siempre que esta informaci\u00f3n haya sido manipulada o introducida por un tercero ajeno al mismo. El servicio de acceso al Portal incluye enlaces o links que pueden conducir al usuario a otros sitios y p\u00e1ginas web gestionados por terceros, sobre las que ArtsM\u00fasica no ejerce ning\u00fan tipo de control. El prestador no se hace responsable de la informaci\u00f3n y contenidos almacenados, a t\u00edtulo enunciativo pero no limitativo, en foros, comentarios, redes sociales o cualquier otro medio que permita a terceros publicar contenidos de forma independiente en la p\u00e1gina web del prestador. Recomendamos a los usuarios que sean conscientes de que al utilizar uno de estos links est\u00e1n abandonando nuestra web y que lean las pol\u00edticas de privacidad de esas otras webs que recaben datos personales. La presente pol\u00edtica de privacidad s\u00f3lo se aplica a los datos personales recabados a trav\u00e9s de esta web.<\/p>\n\n\n\n<div style=\"height:40px\" aria-hidden=\"true\" class=\"wp-block-spacer\" data-block-type=\"core\"><\/div>\n\n\n\n<h3 class=\"has-text-align-center wp-block-heading\" id=\"propiedad-intelectual\" data-block-type=\"core\">Propiedad intelectual<\/h3>\n\n\n\n<p>El Usuario reconoce y acepta que todos los derechos de propiedad industrial e intelectual sobre los contenidos y cualesquiera otros elementos insertados en el Sitio Web pertenecen a ArtsM\u00fasica. La totalidad del contenido del sitio web, incluyendo a t\u00edtulo enunciativo pero no limitativo su programaci\u00f3n, edici\u00f3n, compilaci\u00f3n y dem\u00e1s elementos necesarios para su funcionamiento, los dise\u00f1os, logotipos, texto y\/o gr\u00e1ficos, im\u00e1genes, material gr\u00e1fico o art\u00edstico presente en la web, son propiedad del prestador o en su caso dispone de licencia o autorizaci\u00f3n expresa por parte de los autores. Todos los contenidos que se muestran en esta web est\u00e1n sujetos y protegidos por los derechos de propiedad intelectual e industrial. No est\u00e1 permitido la alteraci\u00f3n, explotaci\u00f3n, reproducci\u00f3n, distribuci\u00f3n o comunicaci\u00f3n p\u00fablica y puesta a disposici\u00f3n sobre los contenidos del curso sin la previa autorizaci\u00f3n expresa del titular de la web. <\/p>\n\n\n\n<div style=\"height:40px\" aria-hidden=\"true\" class=\"wp-block-spacer\" data-block-type=\"core\"><\/div>\n\n\n\n<h3 class=\"has-text-align-center wp-block-heading\" id=\"normativa-aplicable\" data-block-type=\"core\">Normativa aplicable<\/h3>\n\n\n\n<p><strong>Protecci\u00f3n de datos <\/strong><\/p>\n\n\n\n<p>REGLAMENTO (UE) 2016\/679 DEL\nPARLAMENTO EUROPEO Y DEL CONSEJO de 27 de abril de 2016 relativo a la\nprotecci\u00f3n de las personas f\u00edsicas en lo que respecta al tratamiento de datos\npersonales y a la libre circulaci\u00f3n de estos datos y por el que se deroga la Directiva\n95\/46\/CE (Reglamento General de Protecci\u00f3n de Datos). <\/p>\n\n\n\n<p>Correcci\u00f3n de errores del\nReglamento (UE) 2016\/679 del Parlamento Europeo y del Consejo de 27 de abril de\n2016, relativo a la protecci\u00f3n de las personas f\u00edsicas en lo que respecta al\ntratamiento de datos personales y a la libre circulaci\u00f3n de estos datos y por\nel que se deroga la Directiva 95\/46\/CE (Reglamento General de Protecci\u00f3n de\nDatos). <\/p>\n\n\n\n<p>Ley Org\u00e1nica 3\/2018 de 5\ndiciembre de Protecci\u00f3n de Datos Personales y garant\u00eda de los derechos digitales.<\/p>\n\n\n\n<p><strong>Sociedad de la informaci\u00f3n y telecomunicaciones<\/strong> <\/p>\n\n\n\n<p>Ley 34\/2002 de 11 de julio, de\nservicios de la sociedad de la informaci\u00f3n y de comercio electr\u00f3nico. 2.- Ley\n9\/2014 de 9 de mayo General de Telecomunicaciones.<\/p>\n\n\n\n<p><strong>Derecho de los consumidores <\/strong><\/p>\n\n\n\n<p>Real Decreto Legislativo 1\/2007 de 16 de noviembre por el que se aprueba el Texto Refundido de la Ley General para la Defensa de los Consumidores y Usuarios.<\/p>\n\n\n\n<div style=\"height:40px\" aria-hidden=\"true\" class=\"wp-block-spacer\" data-block-type=\"core\"><\/div>\n\n\n\n<h3 class=\"has-text-align-center wp-block-heading\" id=\"cambios-y-jurisdiccion\" data-block-type=\"core\">Cambios y jurisdicci\u00f3n<\/h3>\n\n\n\n<p>CAMBIOS DE CONDICIONES. ArtsM\u00fasica\nse reserva el derecho de modificar estas condiciones cuando lo considere\noportuno. Asimismo, el uso permanente de la p\u00e1gina significar\u00e1 su aceptaci\u00f3n de\ncualquier ajuste a tales t\u00e9rminos. Si hay alg\u00fan cambio en nuestra pol\u00edtica de\nprivacidad, lo anunciaremos en nuestra p\u00e1gina principal y por correo electr\u00f3nico.\nTodo cambio en nuestra pol\u00edtica de privacidad se publicar\u00e1 con 30 d\u00edas de\nantelaci\u00f3n.<\/p>\n\n\n\n<p>SOMETIMIENTO A TRIBUNALES. El c\u00f3digo de conducta de artsmusica.net\nes el derivado de la correcta aplicaci\u00f3n de las leyes existentes, as\u00ed como de\nla aplicaci\u00f3n de las mismas desde el sentido com\u00fan. Con renuncia de sus propios\nfueros, las personas que contraten a trav\u00e9s de la web se someten expresamente a\nlos Juzgados y Tribunales de Girona, Espa\u00f1a. El presente contrato se formaliza\nen lengua castellana. <\/p>\n","protected":false},"excerpt":{"rendered":"<p>Al acceder a esta p\u00e1gina web aceptas los t\u00e9rminos y disposiciones del presente acuerdo. Si no aceptas estas condiciones te pedimos que no utilices nuestros servicios. Titularidad de la web: Rigoberto Mac\u00edas Peraza NIF: 42388027Q Direcci\u00f3n postal: Barraquetes, 13, 4-1, Cass\u00e0 de la Selva (Girona). 17244. Correo electr\u00f3nico: direccion@artsmusica.net Pol\u00edtica de privacidad En artsmusica.net tratamos [&hellip;]<\/p>\n","protected":false},"author":1,"featured_media":0,"parent":0,"menu_order":0,"comment_status":"closed","ping_status":"closed","template":"","meta":{"_genesis_hide_title":false,"_genesis_hide_breadcrumbs":false,"_genesis_hide_singular_image":false,"_genesis_hide_footer_widgets":false,"_genesis_custom_body_class":"","_genesis_custom_post_class":"","_genesis_layout":"","footnotes":""},"class_list":{"0":"post-2375","1":"page","2":"type-page","3":"status-publish","5":"entry"},"featured_image_urls_v2":{"full":"","thumbnail":"","medium":"","medium_large":"","large":"","1536x1536":"","2048x2048":"","sidebar-featured":"","genesis-singular-images":"","gb-block-post-grid-landscape":"","gb-block-post-grid-square":""},"post_excerpt_stackable_v2":"<p>Al acceder a esta p\u00e1gina web aceptas los t\u00e9rminos y disposiciones del presente acuerdo. Si no aceptas estas condiciones te pedimos que no utilices nuestros servicios. Titularidad de la web: Rigoberto Mac\u00edas Peraza NIF: 42388027Q Direcci\u00f3n postal: Barraquetes, 13, 4-1, Cass\u00e0 de la Selva (Girona). 17244. Correo electr\u00f3nico: direccion@artsmusica.net Pol\u00edtica de privacidad En artsmusica.net tratamos la informaci\u00f3n que nos proporcionan las personas interesadas para los siguientes prop\u00f3sitos: gestionar env\u00edo de informaci\u00f3n solicitada, ofrecer los productos y servicios que te resulten de inter\u00e9s, mejorar la experiencia de usuario. Se podr\u00edan enviar correos electr\u00f3nicos automatizados,&nbsp; programados por el titular de los datos&hellip;<\/p>\n","category_list_v2":"","author_info_v2":{"name":"Administrador","url":"https:\/\/www.artsmusica.net\/cursos\/author\/admin\/"},"comments_num_v2":"0 comentarios","featured_image_src":null,"featured_image_src_square":null,"jetpack_sharing_enabled":true,"_links":{"self":[{"href":"https:\/\/www.artsmusica.net\/cursos\/wp-json\/wp\/v2\/pages\/2375","targetHints":{"allow":["GET"]}}],"collection":[{"href":"https:\/\/www.artsmusica.net\/cursos\/wp-json\/wp\/v2\/pages"}],"about":[{"href":"https:\/\/www.artsmusica.net\/cursos\/wp-json\/wp\/v2\/types\/page"}],"author":[{"embeddable":true,"href":"https:\/\/www.artsmusica.net\/cursos\/wp-json\/wp\/v2\/users\/1"}],"replies":[{"embeddable":true,"href":"https:\/\/www.artsmusica.net\/cursos\/wp-json\/wp\/v2\/comments?post=2375"}],"version-history":[{"count":16,"href":"https:\/\/www.artsmusica.net\/cursos\/wp-json\/wp\/v2\/pages\/2375\/revisions"}],"predecessor-version":[{"id":18173,"href":"https:\/\/www.artsmusica.net\/cursos\/wp-json\/wp\/v2\/pages\/2375\/revisions\/18173"}],"wp:attachment":[{"href":"https:\/\/www.artsmusica.net\/cursos\/wp-json\/wp\/v2\/media?parent=2375"}],"curies":[{"name":"wp","href":"https:\/\/api.w.org\/{rel}","templated":true}]}}