{"id":2,"date":"2017-10-20T12:57:11","date_gmt":"2017-10-20T12:57:11","guid":{"rendered":"https:\/\/www.artsmusica.net\/cursos\/?page_id=2"},"modified":"2022-02-26T08:37:45","modified_gmt":"2022-02-26T07:37:45","slug":"nosotros","status":"publish","type":"page","link":"https:\/\/www.artsmusica.net\/cursos\/nosotros\/","title":{"rendered":"Nosotros"},"content":{"rendered":"\n<div style=\"height:40px\" aria-hidden=\"true\" class=\"wp-block-spacer\" data-block-type=\"core\"><\/div>\n\n\n\n<div style=\"background-color:#f2f2f2;color:#32373c\" class=\"wp-block-genesis-blocks-gb-profile-box square gb-has-avatar gb-font-size-18 gb-block-profile gb-profile-columns\"><div class=\"gb-profile-column gb-profile-avatar-wrap\"><div class=\"gb-profile-image-wrap\"><figure class=\"gb-profile-image-square\"><img data-recalc-dims=\"1\" loading=\"lazy\" decoding=\"async\" width=\"410\" height=\"450\" class=\"gb-profile-avatar wp-image-3083\" src=\"https:\/\/i0.wp.com\/www.artsmusica.net\/cursos\/wp-content\/uploads\/2019\/08\/RMP.jpg?resize=410%2C450&#038;ssl=1\" alt=\"\" srcset=\"https:\/\/i0.wp.com\/www.artsmusica.net\/cursos\/wp-content\/uploads\/2019\/08\/RMP.jpg?w=410&amp;ssl=1 410w, https:\/\/i0.wp.com\/www.artsmusica.net\/cursos\/wp-content\/uploads\/2019\/08\/RMP.jpg?resize=273%2C300&amp;ssl=1 273w\" sizes=\"auto, (max-width: 410px) 100vw, 410px\" \/><\/figure><\/div><\/div><div class=\"gb-profile-column gb-profile-content-wrap\"><h2 class=\"gb-profile-name\" style=\"color:#32373c\">Rigoberto Mac\u00edas Peraza<\/h2><p class=\"gb-profile-title\" style=\"color:#32373c\">Profesor de ArtsM\u00fasica<\/p><div class=\"gb-profile-text\"><p> Es Doctor en M\u00fasica (Universidad Aut\u00f3noma de Barcelona), se ha dedicado a la docencia de la m\u00fasica en conservatorio superior (Castilla-La Mancha) y en universidades (Universidad Internacional de La Rioja \/ Universidad Internacional de Valencia). <\/p><p>Ha impartido las asignaturas de teor\u00eda y an\u00e1lisis musical, historia de la m\u00fasica y educaci\u00f3n musical. En el \u00e1mbito de la investigaci\u00f3n se ha centrado en estudiar la historia de la teor\u00eda musical, la recuperaci\u00f3n del patrimonio musical hispano y la ense\u00f1anza musical en entornos digitales. <\/p><p>Es int\u00e9rprete de piano y percusi\u00f3n, especialidades en las que ha ejercido docencia en conservatorios profesionales. <\/p><p>En 2018 funda ArtsM\u00fasica.net, una plataforma de ense\u00f1anza del piano y teor\u00eda musical con un m\u00e9todo de estudio online original que a la fecha ha ense\u00f1ado a tocar el piano a m\u00e1s de 500 alumnos alrededor del mundo.<\/p><\/div><ul class=\"gb-social-links\"><\/ul><\/div><\/div>\n","protected":false},"excerpt":{"rendered":"","protected":false},"author":1,"featured_media":0,"parent":0,"menu_order":0,"comment_status":"open","ping_status":"open","template":"","meta":{"_genesis_hide_title":false,"_genesis_hide_breadcrumbs":false,"_genesis_hide_singular_image":false,"_genesis_hide_footer_widgets":false,"_genesis_custom_body_class":"","_genesis_custom_post_class":"","_genesis_layout":"","footnotes":""},"class_list":{"0":"post-2","1":"page","2":"type-page","3":"status-publish","5":"entry","6":"has-post-thumbnail"},"featured_image_urls_v2":{"full":"","thumbnail":"","medium":"","medium_large":"","large":"","1536x1536":"","2048x2048":"","sidebar-featured":"","genesis-singular-images":"","gb-block-post-grid-landscape":"","gb-block-post-grid-square":""},"post_excerpt_stackable_v2":"<p>Rigoberto Mac\u00edas PerazaProfesor de ArtsM\u00fasica Es Doctor en M\u00fasica (Universidad Aut\u00f3noma de Barcelona), se ha dedicado a la docencia de la m\u00fasica en conservatorio superior (Castilla-La Mancha) y en universidades (Universidad Internacional de La Rioja \/ Universidad Internacional de Valencia). Ha impartido las asignaturas de teor\u00eda y an\u00e1lisis musical, historia de la m\u00fasica y educaci\u00f3n musical. En el \u00e1mbito de la investigaci\u00f3n se ha centrado en estudiar la historia de la teor\u00eda musical, la recuperaci\u00f3n del patrimonio musical hispano y la ense\u00f1anza musical en entornos digitales. Es int\u00e9rprete de piano y percusi\u00f3n, especialidades en las que ha ejercido docencia en&hellip;<\/p>\n","category_list_v2":"","author_info_v2":{"name":"Administrador","url":"https:\/\/www.artsmusica.net\/cursos\/author\/admin\/"},"comments_num_v2":"0 comentarios","featured_image_src":null,"featured_image_src_square":null,"jetpack_sharing_enabled":true,"_links":{"self":[{"href":"https:\/\/www.artsmusica.net\/cursos\/wp-json\/wp\/v2\/pages\/2","targetHints":{"allow":["GET"]}}],"collection":[{"href":"https:\/\/www.artsmusica.net\/cursos\/wp-json\/wp\/v2\/pages"}],"about":[{"href":"https:\/\/www.artsmusica.net\/cursos\/wp-json\/wp\/v2\/types\/page"}],"author":[{"embeddable":true,"href":"https:\/\/www.artsmusica.net\/cursos\/wp-json\/wp\/v2\/users\/1"}],"replies":[{"embeddable":true,"href":"https:\/\/www.artsmusica.net\/cursos\/wp-json\/wp\/v2\/comments?post=2"}],"version-history":[{"count":19,"href":"https:\/\/www.artsmusica.net\/cursos\/wp-json\/wp\/v2\/pages\/2\/revisions"}],"predecessor-version":[{"id":17983,"href":"https:\/\/www.artsmusica.net\/cursos\/wp-json\/wp\/v2\/pages\/2\/revisions\/17983"}],"wp:attachment":[{"href":"https:\/\/www.artsmusica.net\/cursos\/wp-json\/wp\/v2\/media?parent=2"}],"curies":[{"name":"wp","href":"https:\/\/api.w.org\/{rel}","templated":true}]}}