{"id":14287,"date":"2021-03-07T19:57:14","date_gmt":"2021-03-07T18:57:14","guid":{"rendered":"https:\/\/www.artsmusica.net\/cursos\/?page_id=14287"},"modified":"2024-08-02T08:16:24","modified_gmt":"2024-08-02T06:16:24","slug":"nivel-basico","status":"publish","type":"page","link":"https:\/\/www.artsmusica.net\/cursos\/nivel-basico\/","title":{"rendered":""},"content":{"rendered":"\n<h1 class=\"wp-block-heading has-text-align-center\" style=\"font-size:35px\" data-block-type=\"core\">Plan b\u00e1sico<\/h1>\n\n\n\n<div style=\"height:46px\" aria-hidden=\"true\" class=\"wp-block-spacer\" data-block-type=\"core\"><\/div>\n\n\n<p data-block-type=\"core\">\n<h3 class=\"rcp_header\">\n\tRegistrar nueva cuenta<\/h3>\n\n\n<form id=\"rcp_registration_form\" class=\"rcp_form\" method=\"POST\" action=\"https:\/\/www.artsmusica.net\/cursos\/wp-json\/wp\/v2\/pages\/14287\/\">\n\n\t\t\t<div class=\"rcp_description\"><p>Accede 10 d\u00edas gratis a todos los contenidos de la plataforma (despu\u00e9s 15\u20ac\/mes). Cancela antes de 10 d\u00edas y no pagar\u00e1s nada.<\/p>\n<\/div>\n\t\n\t\t\t<div class=\"rcp_login_link\">\n\t\t\t<p><a href=\"https:\/\/www.artsmusica.net\/cursos\/lezti\/?redirect_to=https%3A%2F%2Fwww.artsmusica.net%2Fcursos%2Fwp-json%2Fwp%2Fv2%2Fpages%2F14287%2F\">Accede<\/a> para renovar o modificar una membres\u00eda existente.<\/p>\n\t\t<\/div>\n\n\t\t\n\t\t<fieldset class=\"rcp_user_fieldset\">\n\t\t\t<p id=\"rcp_user_login_wrap\">\n\t\t\t\t<label for=\"rcp_user_login\">Usuario<\/label>\n\t\t\t\t<input name=\"rcp_user_login\" id=\"rcp_user_login\" class=\"required\" type=\"text\" \/>\n\t\t\t<\/p>\n\t\t\t<p id=\"rcp_user_email_wrap\">\n\t\t\t\t<label for=\"rcp_user_email\">Correo electr\u00f3nico<\/label>\n\t\t\t\t<input name=\"rcp_user_email\" id=\"rcp_user_email\" class=\"required\" type=\"text\" \/>\n\t\t\t<\/p>\n\t\t\t<p id=\"rcp_user_first_wrap\" class=\"inline\">\n\t\t\t\t<label for=\"rcp_user_first\">Nombre<\/label>\n\t\t\t\t<input name=\"rcp_user_first\" id=\"rcp_user_first\" type=\"text\" \/>\n\t\t\t<\/p>\n\t\t\t<p id=\"rcp_user_last_wrap\" class=\"inline-block\">\n\t\t\t\t<label for=\"rcp_user_last\">Apellidos<\/label>\n\t\t\t\t<input name=\"rcp_user_last\" id=\"rcp_user_last\" type=\"text\" \/>\n\t\t\t<\/p>\n\t\t\t<p id=\"rcp_password_wrap\" class=\"inline\">\n\t\t\t\t<label for=\"rcp_password\">Contrase\u00f1a<\/label>\n\t\t\t\t<input name=\"rcp_user_pass\" id=\"rcp_password\" class=\"required\" type=\"password\"\/>\n\t\t\t<\/p>\n\t\t\t<p id=\"rcp_password_again_wrap\" class=\"inline-block\">\n\t\t\t\t<label for=\"rcp_password_again\">Introduce de nuevo tu contrase\u00f1a<\/label>\n\t\t\t\t<input name=\"rcp_user_pass_confirm\" id=\"rcp_password_again\" class=\"required\" type=\"password\"\/>\n\t\t\t<\/p>\n\n\t\t\t\n\t\t<\/fieldset>\n\t\n\t\n\t\t\t<div class=\"rcp_registration_total\"><\/div>\n\t\t\t<div class=\"rcp_gateway_fields\">\n\t\t\t\t\t\t\t<fieldset class=\"rcp_gateways_fieldset\">\n\t\t\t\t\t<legend>Elige tu m\u00e9todo de pago<\/legend>\n\t\t\t\t\t<p id=\"rcp_payment_gateways\">\n\t\t\t\t\t\t\t\t\t\t\t\t\t<label for=\"rcp_gateway_stripe\" class=\"rcp_gateway_option_label\">\n\t\t\t\t\t\t\t\t<input id=\"rcp_gateway_stripe\" name=\"rcp_gateway\" type=\"radio\" class=\"rcp_gateway_option_input\" value=\"stripe\" data-supports-recurring=\"yes\" data-supports-trial=\"yes\"  checked='checked'>\n\t\t\t\t\t\t\t\tTarjeta de cr\u00e9dito\/d\u00e9bito\t\t\t\t\t\t\t<\/label>\n\t\t\t\t\t\t\t\t\t\t\t\t\t<label for=\"rcp_gateway_paypal\" class=\"rcp_gateway_option_label\">\n\t\t\t\t\t\t\t\t<input id=\"rcp_gateway_paypal\" name=\"rcp_gateway\" type=\"radio\" class=\"rcp_gateway_option_input\" value=\"paypal\" data-supports-recurring=\"yes\" data-supports-trial=\"yes\" >\n\t\t\t\t\t\t\t\tPayPal\t\t\t\t\t\t\t<\/label>\n\t\t\t\t\t\t\t\t\t\t\t<\/p>\n\t\t\t\t<\/fieldset>\n\t\t\t\t\t<\/div>\n\t\n\t\t\t<fieldset class=\"rcp_agree_to_terms_fieldset\">\n\t\t\t<p id=\"rcp_agree_to_terms_wrap\">\n\t\t\t\t<input type=\"checkbox\" id=\"rcp_agree_to_terms\" name=\"rcp_agree_to_terms\" value=\"1\">\n\t\t\t\t<label for=\"rcp_agree_to_terms\">\n\t\t\t\t\t<a href=\"https:\/\/www.artsmusica.net\/cursos\/aviso-legal\/\" target=\"_blank\">Acepto los t\u00e9rminos y condiciones<\/a>\t\t\t\t<\/label>\n\t\t\t<\/p>\n\t\t<\/fieldset>\n\t\n\t\n\t\t<input type=\"hidden\" id=\"rcp-registration-type\" name=\"registration_type\" value=\"\" \/>\n\t<input type=\"hidden\" id=\"rcp-membership-id\" name=\"membership_id\" value=\"0\" \/>\n\t<input type=\"hidden\" id=\"rcp-payment-id\" name=\"rcp_registration_payment_id\" value=\"0\" \/>\n\t\n\t\n\t<p id=\"rcp_submit_wrap\">\n\t\t\t\t\t<input type=\"hidden\" name=\"rcp_level\" class=\"rcp_level\" value=\"26\" rel=\"15\" data-has-trial=\"true\" \/>\n\t\t\t\t<input type=\"hidden\" name=\"rcp_register_nonce\" value=\"09e93d1b2d\"\/>\n\t\t<input type=\"submit\" name=\"rcp_submit_registration\" id=\"rcp_submit\" class=\"rcp-button\" value=\"Registrar\"\/>\n\t<\/p>\n<\/form>\n<\/p>\n","protected":false},"excerpt":{"rendered":"<p>Plan b\u00e1sico<\/p>\n","protected":false},"author":1,"featured_media":0,"parent":0,"menu_order":0,"comment_status":"closed","ping_status":"closed","template":"","meta":{"_genesis_hide_title":false,"_genesis_hide_breadcrumbs":false,"_genesis_hide_singular_image":false,"_genesis_hide_footer_widgets":false,"_genesis_custom_body_class":"","_genesis_custom_post_class":"","_genesis_layout":"","footnotes":""},"class_list":{"0":"post-14287","1":"page","2":"type-page","3":"status-publish","5":"entry"},"featured_image_urls_v2":{"full":"","thumbnail":"","medium":"","medium_large":"","large":"","1536x1536":"","2048x2048":"","sidebar-featured":"","genesis-singular-images":"","gb-block-post-grid-landscape":"","gb-block-post-grid-square":""},"post_excerpt_stackable_v2":"<p>Plan b\u00e1sico Registrar nueva cuenta Accede 10 d\u00edas gratis a todos los contenidos de la plataforma (despu\u00e9s 15\u20ac\/mes). Cancela antes de 10 d\u00edas y no pagar\u00e1s nada. Accede para renovar o modificar una membres\u00eda existente. Usuario Correo electr\u00f3nico Nombre Apellidos Contrase\u00f1a Introduce de nuevo tu contrase\u00f1a Elige tu m\u00e9todo de pago Tarjeta de cr\u00e9dito\/d\u00e9bito PayPal Acepto los t\u00e9rminos y condiciones<\/p>\n","category_list_v2":"","author_info_v2":{"name":"Administrador","url":"https:\/\/www.artsmusica.net\/cursos\/author\/admin\/"},"comments_num_v2":"0 comentarios","featured_image_src":null,"featured_image_src_square":null,"jetpack_sharing_enabled":true,"_links":{"self":[{"href":"https:\/\/www.artsmusica.net\/cursos\/wp-json\/wp\/v2\/pages\/14287","targetHints":{"allow":["GET"]}}],"collection":[{"href":"https:\/\/www.artsmusica.net\/cursos\/wp-json\/wp\/v2\/pages"}],"about":[{"href":"https:\/\/www.artsmusica.net\/cursos\/wp-json\/wp\/v2\/types\/page"}],"author":[{"embeddable":true,"href":"https:\/\/www.artsmusica.net\/cursos\/wp-json\/wp\/v2\/users\/1"}],"replies":[{"embeddable":true,"href":"https:\/\/www.artsmusica.net\/cursos\/wp-json\/wp\/v2\/comments?post=14287"}],"version-history":[{"count":14,"href":"https:\/\/www.artsmusica.net\/cursos\/wp-json\/wp\/v2\/pages\/14287\/revisions"}],"predecessor-version":[{"id":20739,"href":"https:\/\/www.artsmusica.net\/cursos\/wp-json\/wp\/v2\/pages\/14287\/revisions\/20739"}],"wp:attachment":[{"href":"https:\/\/www.artsmusica.net\/cursos\/wp-json\/wp\/v2\/media?parent=14287"}],"curies":[{"name":"wp","href":"https:\/\/api.w.org\/{rel}","templated":true}]}}