{"id":13586,"date":"2021-01-11T14:07:34","date_gmt":"2021-01-11T13:07:34","guid":{"rendered":"https:\/\/www.artsmusica.net\/cursos\/?page_id=13586"},"modified":"2024-10-14T16:43:08","modified_gmt":"2024-10-14T14:43:08","slug":"grupo-de-whatsapp","status":"publish","type":"page","link":"https:\/\/www.artsmusica.net\/cursos\/grupo-de-whatsapp\/","title":{"rendered":"Grupo de WhatsApp"},"content":{"rendered":"\n<div style=\"height:30px\" aria-hidden=\"true\" class=\"wp-block-spacer\" data-block-type=\"core\"><\/div>\n\n\n<div class=\"wp-block-image\">\n<figure class=\"aligncenter size-large\" data-block-type=\"core\"><img data-recalc-dims=\"1\" loading=\"lazy\" decoding=\"async\" width=\"640\" height=\"240\" src=\"https:\/\/i0.wp.com\/www.artsmusica.net\/cursos\/wp-content\/uploads\/2021\/01\/whatsapp-artsmusica.jpg?resize=640%2C240&#038;ssl=1\" alt=\"\" class=\"wp-image-13589\" srcset=\"https:\/\/i0.wp.com\/www.artsmusica.net\/cursos\/wp-content\/uploads\/2021\/01\/whatsapp-artsmusica.jpg?w=640&amp;ssl=1 640w, https:\/\/i0.wp.com\/www.artsmusica.net\/cursos\/wp-content\/uploads\/2021\/01\/whatsapp-artsmusica.jpg?resize=300%2C113&amp;ssl=1 300w\" sizes=\"auto, (max-width: 640px) 100vw, 640px\" \/><\/figure>\n<\/div>\n\n\n<div style=\"height:30px\" aria-hidden=\"true\" class=\"wp-block-spacer\" data-block-type=\"core\"><\/div>\n\n\n\n<p>\u00danete a nuestro grupo de WhatsApp en donde podr\u00e1s estar en comunicaci\u00f3n con tus compa\u00f1eros de estudio y el profesor de ArtsM\u00fasica.<\/p>\n\n\n\n<p>Para unirte al grupo solamente tienes que hacer clic en el bot\u00f3n que hay a continuaci\u00f3n. IMPORTANTE: tienes que hacerlo <strong>desde tu tel\u00e9fono m\u00f3vil<\/strong>, no desde el ordenador:<\/p>\n\n\n\n<div style=\"height:40px\" aria-hidden=\"true\" class=\"wp-block-spacer\" data-block-type=\"core\"><\/div>\n\n\n<p data-block-type=\"core\"><div class=\"rcp_restricted rcp_paid_only\"><p><!-- wp:paragraph {\"backgroundColor\":\"very-light-gray\"} --><\/p>\n<p class=\"has-background has-very-light-gray-background-color\"><i class=\"fas fa-lock\"> <\/i> Este contenido est\u00e1 \u00fanicamente disponible para los suscriptores. Puedes <a href=\"#login\"> identificarte aqu\u00ed<\/a> , <a href=\"https:\/\/www.artsmusica.net\/cursos\/niveles-de-suscripcion\/\"> suscribirte<\/a> o <a href=\"https:\/\/www.artsmusica.net\/cursos\/registro\/\">actualizar tu nivel de suscripci\u00f3n<\/a>.<\/p>\n<p><!-- \/wp:paragraph --><\/p>\n<\/div><\/p>\n\n\n\n<div style=\"height:40px\" aria-hidden=\"true\" class=\"wp-block-spacer\" data-block-type=\"core\"><\/div>\n\n\n\n<h3 class=\"wp-block-heading\" data-block-type=\"core\">Normas y avisos<\/h3>\n\n\n\n<ul class=\"wp-block-list\" data-block-type=\"core\">\n<li data-block-type=\"core\">Ten en cuenta que tu n\u00famero de tel\u00e9fono ser\u00e1 visible para todos los miembros del grupo. Sin embargo, garantizamos que los miembros del grupo son alumnos de ArtsM\u00fasica y administradores o docentes autorizados. Nunca habr\u00e1 personas externas a ArtsM\u00fasica.<\/li>\n\n\n\n<li data-block-type=\"core\">El grupo de WhatsApp es un canal externo de comunicaci\u00f3n y su adherencia al mismo es de forma totalmente optativa. <\/li>\n\n\n\n<li data-block-type=\"core\">La tem\u00e1tica del grupo es de aprendizaje musical, y aunque a veces podemos compartir contenidos o mensajes de tem\u00e1ticas externas a nuestro prop\u00f3sito, apelamos a la responsabilidad de cada miembro de compartir contenidos que sean del inter\u00e9s general del grupo.<\/li>\n\n\n\n<li data-block-type=\"core\">ArtsM\u00fasica se reserva el derecho de expulsar del grupo a miembros que no cumplan con las normas de convivencia y compa\u00f1erismo desde el respeto mutuo. <\/li>\n<\/ul>\n","protected":false},"excerpt":{"rendered":"<p>\u00danete a nuestro grupo de WhatsApp en donde podr\u00e1s estar en comunicaci\u00f3n con tus compa\u00f1eros de estudio y el profesor de ArtsM\u00fasica. Para unirte al grupo solamente tienes que hacer clic en el bot\u00f3n que hay a continuaci\u00f3n. IMPORTANTE: tienes que hacerlo desde tu tel\u00e9fono m\u00f3vil, no desde el ordenador: Normas y avisos<\/p>\n","protected":false},"author":1,"featured_media":0,"parent":0,"menu_order":0,"comment_status":"closed","ping_status":"closed","template":"","meta":{"_genesis_hide_title":false,"_genesis_hide_breadcrumbs":false,"_genesis_hide_singular_image":false,"_genesis_hide_footer_widgets":false,"_genesis_custom_body_class":"","_genesis_custom_post_class":"","_genesis_layout":"sidebar-content","footnotes":""},"class_list":{"0":"post-13586","1":"page","2":"type-page","3":"status-publish","5":"entry","6":"has-post-thumbnail"},"featured_image_urls_v2":{"full":"","thumbnail":"","medium":"","medium_large":"","large":"","1536x1536":"","2048x2048":"","sidebar-featured":"","genesis-singular-images":"","gb-block-post-grid-landscape":"","gb-block-post-grid-square":""},"post_excerpt_stackable_v2":"<p>\u00danete a nuestro grupo de WhatsApp en donde podr\u00e1s estar en comunicaci\u00f3n con tus compa\u00f1eros de estudio y el profesor de ArtsM\u00fasica. Para unirte al grupo solamente tienes que hacer clic en el bot\u00f3n que hay a continuaci\u00f3n. IMPORTANTE: tienes que hacerlo desde tu tel\u00e9fono m\u00f3vil, no desde el ordenador: Este contenido est\u00e1 \u00fanicamente disponible para los suscriptores. Puedes identificarte aqu\u00ed , suscribirte o actualizar tu nivel de suscripci\u00f3n. Normas y avisos Ten en cuenta que tu n\u00famero de tel\u00e9fono ser\u00e1 visible para todos los miembros del grupo. Sin embargo, garantizamos que los miembros del grupo son alumnos de ArtsM\u00fasica&hellip;<\/p>\n","category_list_v2":"","author_info_v2":{"name":"Administrador","url":"https:\/\/www.artsmusica.net\/cursos\/author\/admin\/"},"comments_num_v2":"0 comentarios","featured_image_src":null,"featured_image_src_square":null,"jetpack_sharing_enabled":true,"_links":{"self":[{"href":"https:\/\/www.artsmusica.net\/cursos\/wp-json\/wp\/v2\/pages\/13586","targetHints":{"allow":["GET"]}}],"collection":[{"href":"https:\/\/www.artsmusica.net\/cursos\/wp-json\/wp\/v2\/pages"}],"about":[{"href":"https:\/\/www.artsmusica.net\/cursos\/wp-json\/wp\/v2\/types\/page"}],"author":[{"embeddable":true,"href":"https:\/\/www.artsmusica.net\/cursos\/wp-json\/wp\/v2\/users\/1"}],"replies":[{"embeddable":true,"href":"https:\/\/www.artsmusica.net\/cursos\/wp-json\/wp\/v2\/comments?post=13586"}],"version-history":[{"count":12,"href":"https:\/\/www.artsmusica.net\/cursos\/wp-json\/wp\/v2\/pages\/13586\/revisions"}],"predecessor-version":[{"id":21331,"href":"https:\/\/www.artsmusica.net\/cursos\/wp-json\/wp\/v2\/pages\/13586\/revisions\/21331"}],"wp:attachment":[{"href":"https:\/\/www.artsmusica.net\/cursos\/wp-json\/wp\/v2\/media?parent=13586"}],"curies":[{"name":"wp","href":"https:\/\/api.w.org\/{rel}","templated":true}]}}